{"id":112,"date":"2022-04-07T09:14:01","date_gmt":"2022-04-07T07:14:01","guid":{"rendered":"https:\/\/net-sat.fr\/?page_id=112"},"modified":"2022-09-06T11:16:29","modified_gmt":"2022-09-06T09:16:29","slug":"domotique","status":"publish","type":"page","link":"https:\/\/net-sat.fr\/index.php\/domotique\/","title":{"rendered":"Domotique"},"content":{"rendered":"\n<p>Le chauffage, la climatisation, les volets, les lumi\u00e8res, les serrures, la piscine, l&rsquo;arrosage&#8230;<\/p>\n\n\n\n<p>Il est aujourd&rsquo;hui tr\u00e8s facile de g\u00e9rer tout \u00e0 distance sur son smartphone ou une tablette d\u00e9di\u00e9e, sans forc\u00e9ment disposer d&rsquo;un budget important et en toute s\u00e9curit\u00e9.  Une simple cafeti\u00e8re peut \u00eatre command\u00e9e \u00e0 distance mais une chaudi\u00e8re au fuel datant des ann\u00e9es 80 aussi&#8230; Des sondes de temp\u00e9rature dispos\u00e9es dans la maison associ\u00e9es \u00e0 des vannes thermostatiques vous permettront de d\u00e9clencher le chauffage avant de rentrer du travail ou de vacances. Pour arroser les plantes en votre absence, plus besoin de demander \u00e0 un tiers&#8230;<\/p>\n\n\n\n<p>Que se soit pour la s\u00e9curit\u00e9 ou le confort des routines sont cr\u00e9\u00e9es pour faire le travail \u00e0 votre place : l&rsquo;ouverture d&rsquo;une porte peut allumer la lumi\u00e8re, d\u00e9marrer ou arr\u00eater le chauffage ou la climatisation ou encore envoyer un SMS et ceci en fonction des heures ou de la m\u00e9t\u00e9o&#8230; L&rsquo;ouverture d&rsquo;une fen\u00eatre actionne un volet roulant ou d\u00e9clenche une sir\u00e8ne&#8230; Allumez une ou plusieurs lumi\u00e8res sans bouger du canap\u00e9 en utilisant un smartphone ou une commande vocale&#8230; Programmez des minuteurs sur les \u00e9clairages&#8230; Un d\u00e9tecteur de mouvements peut, si on le souhaite, \u00e0 la fois allumer des \u00e9clairages, actionner une alarme et envoyer un appel t\u00e9l\u00e9phonique&#8230;<\/p>\n\n\n\n<figure class=\"wp-block-gallery aligncenter has-nested-images columns-default is-cropped wp-block-gallery-1 is-layout-flex wp-block-gallery-is-layout-flex\">\n<figure class=\"wp-block-image size-large\"><img loading=\"lazy\" decoding=\"async\" width=\"1500\" height=\"2000\" data-id=\"114\" src=\"https:\/\/net-sat.fr\/wp-content\/uploads\/2022\/04\/arrosage.jpg\" alt=\"\" class=\"wp-image-114\" srcset=\"https:\/\/net-sat.fr\/wp-content\/uploads\/2022\/04\/arrosage.jpg 1500w, https:\/\/net-sat.fr\/wp-content\/uploads\/2022\/04\/arrosage-225x300.jpg 225w, https:\/\/net-sat.fr\/wp-content\/uploads\/2022\/04\/arrosage-768x1024.jpg 768w, https:\/\/net-sat.fr\/wp-content\/uploads\/2022\/04\/arrosage-1152x1536.jpg 1152w\" sizes=\"auto, (max-width: 1500px) 100vw, 1500px\" \/><\/figure>\n\n\n\n<figure class=\"wp-block-image size-large\"><img loading=\"lazy\" decoding=\"async\" width=\"1500\" height=\"2000\" data-id=\"113\" src=\"https:\/\/net-sat.fr\/wp-content\/uploads\/2022\/04\/Thermos.jpg\" alt=\"\" class=\"wp-image-113\" srcset=\"https:\/\/net-sat.fr\/wp-content\/uploads\/2022\/04\/Thermos.jpg 1500w, https:\/\/net-sat.fr\/wp-content\/uploads\/2022\/04\/Thermos-225x300.jpg 225w, https:\/\/net-sat.fr\/wp-content\/uploads\/2022\/04\/Thermos-768x1024.jpg 768w, https:\/\/net-sat.fr\/wp-content\/uploads\/2022\/04\/Thermos-1152x1536.jpg 1152w\" sizes=\"auto, (max-width: 1500px) 100vw, 1500px\" \/><figcaption>La domotique au service du chauffage<\/figcaption><\/figure>\n<\/figure>\n\n\n\n<p><\/p>\n\n\n\n<p><\/p>\n\n\n\n<p><\/p>\n\n\n\n<p><\/p>\n\n\n\n<p><\/p>\n\n\n\n<p><\/p>\n\n\n\n<p class=\"has-text-align-center\">Contactez-nous pour une \u00e9tude de vos besoins<\/p>\n\n\n\n<p><\/p>\n","protected":false},"excerpt":{"rendered":"<p>Le chauffage, la climatisation, les volets, les lumi\u00e8res, les serrures, la piscine, l&rsquo;arrosage&#8230; Il est aujourd&rsquo;hui tr\u00e8s facile de g\u00e9rer tout \u00e0 distance sur son [&#8230;]<\/p>\n","protected":false},"author":1,"featured_media":0,"parent":0,"menu_order":0,"comment_status":"closed","ping_status":"closed","template":"","meta":{"footnotes":""},"class_list":["post-112","page","type-page","status-publish","hentry"],"_links":{"self":[{"href":"https:\/\/net-sat.fr\/index.php\/wp-json\/wp\/v2\/pages\/112","targetHints":{"allow":["GET"]}}],"collection":[{"href":"https:\/\/net-sat.fr\/index.php\/wp-json\/wp\/v2\/pages"}],"about":[{"href":"https:\/\/net-sat.fr\/index.php\/wp-json\/wp\/v2\/types\/page"}],"author":[{"embeddable":true,"href":"https:\/\/net-sat.fr\/index.php\/wp-json\/wp\/v2\/users\/1"}],"replies":[{"embeddable":true,"href":"https:\/\/net-sat.fr\/index.php\/wp-json\/wp\/v2\/comments?post=112"}],"version-history":[{"count":12,"href":"https:\/\/net-sat.fr\/index.php\/wp-json\/wp\/v2\/pages\/112\/revisions"}],"predecessor-version":[{"id":152,"href":"https:\/\/net-sat.fr\/index.php\/wp-json\/wp\/v2\/pages\/112\/revisions\/152"}],"wp:attachment":[{"href":"https:\/\/net-sat.fr\/index.php\/wp-json\/wp\/v2\/media?parent=112"}],"curies":[{"name":"wp","href":"https:\/\/api.w.org\/{rel}","templated":true}]}}