{"id":153,"date":"2022-09-06T11:43:52","date_gmt":"2022-09-06T09:43:52","guid":{"rendered":"https:\/\/net-sat.fr\/?page_id=153"},"modified":"2022-09-06T12:05:17","modified_gmt":"2022-09-06T10:05:17","slug":"qui-sommes-nous","status":"publish","type":"page","link":"https:\/\/net-sat.fr\/","title":{"rendered":"Pr\u00e9sentons nous"},"content":{"rendered":"\n<p>Situ\u00e9s au centre de la Haute-Garonne, proche de l&rsquo;autoroute \u00e0 Martres-Tolosane, notre zone d&rsquo;intervention couvre la totalit\u00e9 de notre d\u00e9partement mais \u00e9galement les d\u00e9partements limitrophes.<\/p>\n\n\n\n<p>Sp\u00e9cialis\u00e9e dans l&rsquo;informatique depuis le milieu des ann\u00e9es 90, Net-Sat n&rsquo;a eu de cesse que d&rsquo;\u00e9voluer au fil des innovations technologiques afin de r\u00e9pondre aux besoins croissants des utilisateurs. Vous avez besoin d&rsquo;un conseil \u00e0 propos de votre connexion Internet ou de votre r\u00e9seau informatique ? Vous avez des projets concernant la domotique ? Votre disque dur ou votre cl\u00e9 USB ont \u00e9t\u00e9 format\u00e9s par erreur ? <a href=\"https:\/\/net-sat.fr\/index.php\/contactez-nous\/\">Contactez-nous <\/a>!<\/p>\n\n\n\n<p>Nous disposons \u00e9galement d&rsquo;un service cr\u00e9ation, d\u00e9veloppement de site web et r\u00e9daction SEO, nous r\u00e9alisons aussi les photos, les vid\u00e9os, les time-lapses&#8230;<br> consultez nos r\u00e9alisations 2022 :<br><a rel=\"noreferrer noopener\" href=\"http:\/\/www.preville.fr\" target=\"_blank\">www.preville.fr<\/a><br><a rel=\"noreferrer noopener\" href=\"http:\/\/www.taxi-anglais.fr\" target=\"_blank\">www.taxi-anglais.fr<\/a><br><a rel=\"noreferrer noopener\" href=\"http:\/\/www.lepitstop.fr\" target=\"_blank\">www.lepitstop.fr<\/a><br><a rel=\"noreferrer noopener\" href=\"http:\/\/www.arcic.fr\" target=\"_blank\">www.arcic.fr<\/a><\/p>\n","protected":false},"excerpt":{"rendered":"<p>Situ\u00e9s au centre de la Haute-Garonne, proche de l&rsquo;autoroute \u00e0 Martres-Tolosane, notre zone d&rsquo;intervention couvre la totalit\u00e9 de notre d\u00e9partement mais \u00e9galement les d\u00e9partements limitrophes. [&#8230;]<\/p>\n","protected":false},"author":1,"featured_media":0,"parent":0,"menu_order":0,"comment_status":"closed","ping_status":"closed","template":"","meta":{"footnotes":""},"class_list":["post-153","page","type-page","status-publish","hentry"],"_links":{"self":[{"href":"https:\/\/net-sat.fr\/index.php\/wp-json\/wp\/v2\/pages\/153","targetHints":{"allow":["GET"]}}],"collection":[{"href":"https:\/\/net-sat.fr\/index.php\/wp-json\/wp\/v2\/pages"}],"about":[{"href":"https:\/\/net-sat.fr\/index.php\/wp-json\/wp\/v2\/types\/page"}],"author":[{"embeddable":true,"href":"https:\/\/net-sat.fr\/index.php\/wp-json\/wp\/v2\/users\/1"}],"replies":[{"embeddable":true,"href":"https:\/\/net-sat.fr\/index.php\/wp-json\/wp\/v2\/comments?post=153"}],"version-history":[{"count":6,"href":"https:\/\/net-sat.fr\/index.php\/wp-json\/wp\/v2\/pages\/153\/revisions"}],"predecessor-version":[{"id":170,"href":"https:\/\/net-sat.fr\/index.php\/wp-json\/wp\/v2\/pages\/153\/revisions\/170"}],"wp:attachment":[{"href":"https:\/\/net-sat.fr\/index.php\/wp-json\/wp\/v2\/media?parent=153"}],"curies":[{"name":"wp","href":"https:\/\/api.w.org\/{rel}","templated":true}]}}