{"id":171,"date":"2022-09-07T14:09:38","date_gmt":"2022-09-07T12:09:38","guid":{"rendered":"https:\/\/net-sat.fr\/?page_id=171"},"modified":"2022-09-07T14:16:00","modified_gmt":"2022-09-07T12:16:00","slug":"videosurveillance","status":"publish","type":"page","link":"https:\/\/net-sat.fr\/index.php\/videosurveillance\/","title":{"rendered":"Vid\u00e9osurveillance"},"content":{"rendered":"\n<p>Gardez un \u0153il en permanence sur votre domicile, votre boutique, votre atelier, votre d\u00e9p\u00f4t&#8230;<\/p>\n\n\n\n<p>Rien de plus facile, visionnez sur votre smartphone, une tablette d\u00e9di\u00e9e, votre ordinateur et votre t\u00e9l\u00e9vision connect\u00e9e&#8230; enregistrez sur un disque dur en local ou votre ordinateur distant&#8230; De une \u00e0 16 cameras orientables avec une diffusion du son dans les deux sens&#8230; Syst\u00e8me coupl\u00e9 \u00e0 une alarme&#8230; De tr\u00e8s nombreuses possibilit\u00e9s s&rsquo;offrent \u00e0 vous qu&rsquo;il s&rsquo;agisse d&rsquo;un abonnement mensuel ou d&rsquo;un syst\u00e8me cl\u00e9 en main, n&rsquo;h\u00e9sitez pas \u00e0 <a href=\"https:\/\/net-sat.fr\/index.php\/contactez-nous\/\">nous contacter<\/a> pour obtenir un devis personnalis\u00e9 v\u00e9ritablement adapt\u00e9 \u00e0 vos besoins.<\/p>\n\n\n\n<figure class=\"wp-block-image size-large\"><img loading=\"lazy\" decoding=\"async\" width=\"1024\" height=\"560\" src=\"https:\/\/net-sat.fr\/wp-content\/uploads\/2022\/09\/video-surveillance-1024x560.jpg\" alt=\"\" class=\"wp-image-172\" srcset=\"https:\/\/net-sat.fr\/wp-content\/uploads\/2022\/09\/video-surveillance-1024x560.jpg 1024w, https:\/\/net-sat.fr\/wp-content\/uploads\/2022\/09\/video-surveillance-300x164.jpg 300w, https:\/\/net-sat.fr\/wp-content\/uploads\/2022\/09\/video-surveillance-768x420.jpg 768w, https:\/\/net-sat.fr\/wp-content\/uploads\/2022\/09\/video-surveillance-1536x839.jpg 1536w, https:\/\/net-sat.fr\/wp-content\/uploads\/2022\/09\/video-surveillance.jpg 1914w\" sizes=\"auto, (max-width: 1024px) 100vw, 1024px\" \/><\/figure>\n","protected":false},"excerpt":{"rendered":"<p>Gardez un \u0153il en permanence sur votre domicile, votre boutique, votre atelier, votre d\u00e9p\u00f4t&#8230; Rien de plus facile, visionnez sur votre smartphone, une tablette d\u00e9di\u00e9e, [&#8230;]<\/p>\n","protected":false},"author":1,"featured_media":0,"parent":0,"menu_order":0,"comment_status":"closed","ping_status":"closed","template":"","meta":{"footnotes":""},"class_list":["post-171","page","type-page","status-publish","hentry"],"_links":{"self":[{"href":"https:\/\/net-sat.fr\/index.php\/wp-json\/wp\/v2\/pages\/171","targetHints":{"allow":["GET"]}}],"collection":[{"href":"https:\/\/net-sat.fr\/index.php\/wp-json\/wp\/v2\/pages"}],"about":[{"href":"https:\/\/net-sat.fr\/index.php\/wp-json\/wp\/v2\/types\/page"}],"author":[{"embeddable":true,"href":"https:\/\/net-sat.fr\/index.php\/wp-json\/wp\/v2\/users\/1"}],"replies":[{"embeddable":true,"href":"https:\/\/net-sat.fr\/index.php\/wp-json\/wp\/v2\/comments?post=171"}],"version-history":[{"count":2,"href":"https:\/\/net-sat.fr\/index.php\/wp-json\/wp\/v2\/pages\/171\/revisions"}],"predecessor-version":[{"id":175,"href":"https:\/\/net-sat.fr\/index.php\/wp-json\/wp\/v2\/pages\/171\/revisions\/175"}],"wp:attachment":[{"href":"https:\/\/net-sat.fr\/index.php\/wp-json\/wp\/v2\/media?parent=171"}],"curies":[{"name":"wp","href":"https:\/\/api.w.org\/{rel}","templated":true}]}}