{"id":179,"date":"2024-07-04T18:24:59","date_gmt":"2024-07-04T16:24:59","guid":{"rendered":"https:\/\/net-sat.fr\/?page_id=179"},"modified":"2024-07-04T19:36:06","modified_gmt":"2024-07-04T17:36:06","slug":"alarmes-auto-et-moto","status":"publish","type":"page","link":"https:\/\/net-sat.fr\/index.php\/alarmes-auto-et-moto\/","title":{"rendered":"Alarme auto et moto"},"content":{"rendered":"\n<h4 class=\"wp-block-heading\">Prot\u00e9gez ce qui compte le plus<\/h4>\n\n\n\n<p>Chez Net-Sat, nous comprenons l&rsquo;importance de la s\u00e9curit\u00e9 de votre v\u00e9hicule. Que vous poss\u00e9diez une voiture ou une moto, il est crucial de la prot\u00e9ger contre le vol et le vandalisme. Nos solutions d&rsquo;alarmes pour auto et moto sont con\u00e7ues pour vous offrir une tranquillit\u00e9 d&rsquo;esprit totale, o\u00f9 que vous soyez.<\/p>\n\n\n\n<h4 class=\"wp-block-heading\">Nos Solutions d&rsquo;Alarme<\/h4>\n\n\n\n<p><strong>1. Alarmes pour Voitures<\/strong><\/p>\n\n\n\n<ul class=\"wp-block-list\">\n<li><strong>Syst\u00e8mes d&rsquo;alarme avanc\u00e9s<\/strong> : Nos alarmes pour voitures sont \u00e9quip\u00e9es des technologies les plus r\u00e9centes pour assurer une protection maximale. D\u00e9tection de mouvement, capteurs de bris de vitre, pager et sir\u00e8nes puissantes sont quelques-unes des fonctionnalit\u00e9s incluses. La t\u00e9l\u00e9commande\/pager vous avertira dans un rayon d&rsquo;environ 2000m de toute tentative d&rsquo;effraction ou de chocs sur le v\u00e9hicule.<\/li>\n\n\n\n<li><strong>Anti car-jacking<\/strong> : gardez la t\u00e9l\u00e9commande de l&rsquo;alarme sur vous, en cas de car-jacking vous pourrez couper le contact jusqu&rsquo;\u00e0 une distance de 1000m.<\/li>\n\n\n\n<li><strong>D\u00e9marrage \u00e0 distance<\/strong> <strong>en option<\/strong> : Avec nos syst\u00e8mes, d\u00e9marrez votre voiture \u00e0 distance tout en garantissant qu&rsquo;elle est s\u00e9curis\u00e9e.<\/li>\n\n\n\n<li><strong>GPS int\u00e9gr\u00e9<\/strong> <strong>en option<\/strong> : Suivez votre v\u00e9hicule en temps r\u00e9el et recevez des alertes instantan\u00e9es en cas de d\u00e9placement non autoris\u00e9.<\/li>\n<\/ul>\n\n\n<div class=\"wp-block-image\">\n<figure class=\"aligncenter size-full is-resized\"><img loading=\"lazy\" decoding=\"async\" width=\"380\" height=\"235\" src=\"https:\/\/net-sat.fr\/wp-content\/uploads\/2024\/07\/pager-auto.png\" alt=\"\" class=\"wp-image-189\" style=\"width:240px;height:auto\" srcset=\"https:\/\/net-sat.fr\/wp-content\/uploads\/2024\/07\/pager-auto.png 380w, https:\/\/net-sat.fr\/wp-content\/uploads\/2024\/07\/pager-auto-300x186.png 300w\" sizes=\"auto, (max-width: 380px) 100vw, 380px\" \/><figcaption class=\"wp-element-caption\">Exemple de pager, peut varier en fonction des versions. Il vous avertira par une sonnerie et une vibration.<\/figcaption><\/figure>\n<\/div>\n\n\n<p><strong>2. Alarmes pour Motos<\/strong><\/p>\n\n\n\n<ul class=\"wp-block-list\">\n<li><strong>Alarme compacte et puissante<\/strong> : Nos alarmes pour motos sont con\u00e7ues pour \u00eatre discr\u00e8tes mais tr\u00e8s efficaces. Elles incluent des capteurs de vibration et de mouvement pour d\u00e9tecter toute tentative de vol. Nos alarmes pour moto sont \u00e9quip\u00e9es de pagers qui vous avertiront dans un rayon de 2000m de toute tentative d&rsquo;effraction.<\/li>\n\n\n\n<li><strong>D\u00e9tecteur de micro-ondes<\/strong> : d\u00e9tecte la pr\u00e9sence d&rsquo;un \u00eatre humain qui resterait tr\u00e8s proche de la moto m\u00eame sans la toucher, sonne sur le pager dans un premier temps sans d\u00e9clencher l&rsquo;alarme.<\/li>\n\n\n\n<li><strong>Verrouillage par t\u00e9l\u00e9commande<\/strong> : Bloquez et d\u00e9bloquez votre moto \u00e0 distance gr\u00e2ce \u00e0 une t\u00e9l\u00e9commande intuitive. Gardez la t\u00e9l\u00e9commande sur vous et en cas de bike-jacking coupez le contact \u00e0 distance (jusqu&rsquo;\u00e0 1000m).<\/li>\n\n\n\n<li><strong>Localisation par GPS<\/strong> <strong>en option<\/strong> : Gardez un \u0153il sur votre moto gr\u00e2ce \u00e0 notre syst\u00e8me de localisation GPS et recevez des notifications en cas de d\u00e9placement suspect.<\/li>\n<\/ul>\n\n\n<div class=\"wp-block-image\">\n<figure class=\"aligncenter size-full is-resized\"><img loading=\"lazy\" decoding=\"async\" width=\"800\" height=\"800\" src=\"https:\/\/net-sat.fr\/wp-content\/uploads\/2024\/07\/pager.png\" alt=\"\" class=\"wp-image-184\" style=\"width:311px;height:auto\" srcset=\"https:\/\/net-sat.fr\/wp-content\/uploads\/2024\/07\/pager.png 800w, https:\/\/net-sat.fr\/wp-content\/uploads\/2024\/07\/pager-300x300.png 300w, https:\/\/net-sat.fr\/wp-content\/uploads\/2024\/07\/pager-150x150.png 150w, https:\/\/net-sat.fr\/wp-content\/uploads\/2024\/07\/pager-768x768.png 768w, https:\/\/net-sat.fr\/wp-content\/uploads\/2024\/07\/pager-400x400.png 400w\" sizes=\"auto, (max-width: 800px) 100vw, 800px\" \/><figcaption class=\"wp-element-caption\">Exemple de pager, peut varier selon les versions. Cette t\u00e9l\u00e9commande active et desactive l&rsquo;alarme et vous averti par une sonnerie et une vibration.<\/figcaption><\/figure>\n<\/div>\n\n\n<p><strong>Installation professionnelle<\/strong> : Nos techniciens certifi\u00e9s installent votre syst\u00e8me d&rsquo;alarme avec soin pour garantir une performance optimale.<\/p>\n\n\n\n<h4 class=\"wp-block-heading\">Pourquoi Choisir Net-Sat ?<\/h4>\n\n\n\n<ul class=\"wp-block-list\">\n<li><strong>Expertise et Fiabilit\u00e9<\/strong> : Avec des ann\u00e9es d&rsquo;exp\u00e9rience dans le domaine de la s\u00e9curit\u00e9 automobile et motocycliste, nous vous offrons des produits fiables et de haute qualit\u00e9.<\/li>\n\n\n\n<li><strong>Service Client D\u00e9di\u00e9<\/strong> : Notre \u00e9quipe de support est toujours disponible pour r\u00e9pondre \u00e0 vos questions et vous aider \u00e0 choisir le syst\u00e8me d&rsquo;alarme qui convient le mieux \u00e0 vos besoins.<\/li>\n\n\n\n<li><strong>Garantie et Assistance<\/strong> : Tous nos produits sont couverts par une garantie d&rsquo;un an, et nous offrons une assistance technique compl\u00e8te pour vous assurer une tranquillit\u00e9 d&rsquo;esprit totale.<\/li>\n<\/ul>\n\n\n\n<h4 class=\"wp-block-heading\"><a href=\"https:\/\/net-sat.fr\/index.php\/contactez-nous\/\" data-type=\"page\" data-id=\"18\">Contactez-nous<\/a><\/h4>\n\n\n\n<p>Pour plus d&rsquo;informations sur nos produits ou pour demander un devis, n&rsquo;h\u00e9sitez pas \u00e0 nous contacter :<\/p>\n\n\n\n<ul class=\"wp-block-list\">\n<li><strong>T\u00e9l\u00e9phone<\/strong> : 06 31 976 966<\/li>\n\n\n\n<li><strong>Email<\/strong> : jerome@net-sat.fr<\/li>\n\n\n\n<li><strong>Adresse<\/strong> : 2 route d&rsquo;Aurignac 31420 ALAN<\/li>\n<\/ul>\n\n\n\n<p>Visitez notre boutique en ligne pour d\u00e9couvrir notre gamme compl\u00e8te de syst\u00e8mes d&rsquo;alarme et accessoires. Prot\u00e9gez votre v\u00e9hicule avec Net-Sat d\u00e8s aujourd&rsquo;hui !<\/p>\n\n\n\n<hr class=\"wp-block-separator has-alpha-channel-opacity\"\/>\n\n\n\n<p><strong>Net-Sat &#8211; La s\u00e9curit\u00e9 \u00e0 port\u00e9e de main<\/strong><\/p>\n","protected":false},"excerpt":{"rendered":"<p>Prot\u00e9gez ce qui compte le plus Chez Net-Sat, nous comprenons l&rsquo;importance de la s\u00e9curit\u00e9 de votre v\u00e9hicule. Que vous poss\u00e9diez une voiture ou une moto, [&#8230;]<\/p>\n","protected":false},"author":1,"featured_media":0,"parent":0,"menu_order":0,"comment_status":"closed","ping_status":"closed","template":"","meta":{"footnotes":""},"class_list":["post-179","page","type-page","status-publish","hentry"],"_links":{"self":[{"href":"https:\/\/net-sat.fr\/index.php\/wp-json\/wp\/v2\/pages\/179","targetHints":{"allow":["GET"]}}],"collection":[{"href":"https:\/\/net-sat.fr\/index.php\/wp-json\/wp\/v2\/pages"}],"about":[{"href":"https:\/\/net-sat.fr\/index.php\/wp-json\/wp\/v2\/types\/page"}],"author":[{"embeddable":true,"href":"https:\/\/net-sat.fr\/index.php\/wp-json\/wp\/v2\/users\/1"}],"replies":[{"embeddable":true,"href":"https:\/\/net-sat.fr\/index.php\/wp-json\/wp\/v2\/comments?post=179"}],"version-history":[{"count":12,"href":"https:\/\/net-sat.fr\/index.php\/wp-json\/wp\/v2\/pages\/179\/revisions"}],"predecessor-version":[{"id":196,"href":"https:\/\/net-sat.fr\/index.php\/wp-json\/wp\/v2\/pages\/179\/revisions\/196"}],"wp:attachment":[{"href":"https:\/\/net-sat.fr\/index.php\/wp-json\/wp\/v2\/media?parent=179"}],"curies":[{"name":"wp","href":"https:\/\/api.w.org\/{rel}","templated":true}]}}