{"id":7,"date":"2022-01-27T10:56:42","date_gmt":"2022-01-27T09:56:42","guid":{"rendered":"http:\/\/net-sat.fr\/?page_id=7"},"modified":"2022-08-26T22:30:04","modified_gmt":"2022-08-26T20:30:04","slug":"net-sat","status":"publish","type":"page","link":"https:\/\/net-sat.fr\/index.php\/net-sat\/","title":{"rendered":"R\u00e9seaux Informatiques"},"content":{"rendered":"\n<div class=\"wp-block-columns is-layout-flex wp-container-core-columns-is-layout-9d6595d7 wp-block-columns-is-layout-flex\">\n<div class=\"wp-block-column is-layout-flow wp-block-column-is-layout-flow\" style=\"flex-basis:100%\">\n<h3 class=\"wp-block-heading\" id=\"conception-et-maintenance\">Conception et maintenance :<\/h3>\n<\/div>\n<\/div>\n\n\n\n<p>Pour une entreprise, quelle que soit sa taille, le r\u00e9seau informatique est garant d&rsquo;une bonne efficacit\u00e9 et productivit\u00e9. Pour assurer sa t\u00e2che, votre r\u00e9seau doit \u00eatre correctement entretenu. Notre zone d&rsquo;intervention comprend la Haute-Garonne, l&rsquo;Ari\u00e8ge, les Hautes Pyr\u00e9n\u00e9es.<\/p>\n\n\n\n<div class=\"wp-block-columns is-layout-flex wp-container-core-columns-is-layout-9d6595d7 wp-block-columns-is-layout-flex\">\n<div class=\"wp-block-column is-layout-flow wp-block-column-is-layout-flow\" style=\"flex-basis:100%\">\n<figure class=\"wp-block-gallery has-nested-images columns-default is-cropped wp-block-gallery-1 is-layout-flex wp-block-gallery-is-layout-flex\">\n<figure class=\"wp-block-image size-full is-resized\"><img loading=\"lazy\" decoding=\"async\" data-id=\"63\" src=\"https:\/\/net-sat.fr\/wp-content\/uploads\/2022\/01\/rezo-1.jpg\" alt=\"\" class=\"wp-image-63\" width=\"383\" height=\"310\" srcset=\"https:\/\/net-sat.fr\/wp-content\/uploads\/2022\/01\/rezo-1.jpg 470w, https:\/\/net-sat.fr\/wp-content\/uploads\/2022\/01\/rezo-1-300x243.jpg 300w\" sizes=\"auto, (max-width: 383px) 100vw, 383px\" \/><figcaption>R\u00e9seau informatique<\/figcaption><\/figure>\n\n\n\n<figure class=\"wp-block-image size-full\"><img loading=\"lazy\" decoding=\"async\" width=\"1500\" height=\"1085\" data-id=\"130\" src=\"https:\/\/net-sat.fr\/wp-content\/uploads\/2022\/06\/Ordinateur.jpg\" alt=\"\" class=\"wp-image-130\" srcset=\"https:\/\/net-sat.fr\/wp-content\/uploads\/2022\/06\/Ordinateur.jpg 1500w, https:\/\/net-sat.fr\/wp-content\/uploads\/2022\/06\/Ordinateur-300x217.jpg 300w, https:\/\/net-sat.fr\/wp-content\/uploads\/2022\/06\/Ordinateur-1024x741.jpg 1024w, https:\/\/net-sat.fr\/wp-content\/uploads\/2022\/06\/Ordinateur-768x556.jpg 768w\" sizes=\"auto, (max-width: 1500px) 100vw, 1500px\" \/><\/figure>\n<\/figure>\n<\/div>\n<\/div>\n\n\n\n<p><\/p>\n","protected":false},"excerpt":{"rendered":"<p>Conception et maintenance : Pour une entreprise, quelle que soit sa taille, le r\u00e9seau informatique est garant d&rsquo;une bonne efficacit\u00e9 et productivit\u00e9. Pour assurer sa [&#8230;]<\/p>\n","protected":false},"author":1,"featured_media":0,"parent":0,"menu_order":0,"comment_status":"closed","ping_status":"closed","template":"","meta":{"footnotes":""},"class_list":["post-7","page","type-page","status-publish","hentry"],"_links":{"self":[{"href":"https:\/\/net-sat.fr\/index.php\/wp-json\/wp\/v2\/pages\/7","targetHints":{"allow":["GET"]}}],"collection":[{"href":"https:\/\/net-sat.fr\/index.php\/wp-json\/wp\/v2\/pages"}],"about":[{"href":"https:\/\/net-sat.fr\/index.php\/wp-json\/wp\/v2\/types\/page"}],"author":[{"embeddable":true,"href":"https:\/\/net-sat.fr\/index.php\/wp-json\/wp\/v2\/users\/1"}],"replies":[{"embeddable":true,"href":"https:\/\/net-sat.fr\/index.php\/wp-json\/wp\/v2\/comments?post=7"}],"version-history":[{"count":15,"href":"https:\/\/net-sat.fr\/index.php\/wp-json\/wp\/v2\/pages\/7\/revisions"}],"predecessor-version":[{"id":146,"href":"https:\/\/net-sat.fr\/index.php\/wp-json\/wp\/v2\/pages\/7\/revisions\/146"}],"wp:attachment":[{"href":"https:\/\/net-sat.fr\/index.php\/wp-json\/wp\/v2\/media?parent=7"}],"curies":[{"name":"wp","href":"https:\/\/api.w.org\/{rel}","templated":true}]}}